{"id":11,"date":"2026-04-18T13:02:30","date_gmt":"2026-04-18T13:02:30","guid":{"rendered":"https:\/\/relax-energie.powernas.ch\/index.php\/startseite\/"},"modified":"2026-04-18T20:26:15","modified_gmt":"2026-04-18T20:26:15","slug":"startseite","status":"publish","type":"page","link":"https:\/\/relax-energie.powernas.ch\/","title":{"rendered":"Startseite"},"content":{"rendered":"\n<section class=\"hero hero--splash\">\n  <img loading=\"lazy\" decoding=\"async\" class=\"hero__bg\" src=\"https:\/\/relax-energie.powernas.ch\/wp-content\/themes\/relax-energie\/assets\/images\/hero.jpg\" alt=\"Stimmungsbild Relax und Energie\" width=\"1600\" height=\"900\" \/>\n  <div class=\"hero__overlay\">\n    <div class=\"hero__welcome\">\n      <p>Willkommen<\/p>\n      <p>in der Praxis<\/p>\n    <\/div>\n    <img loading=\"lazy\" decoding=\"async\" class=\"hero__logo-mark\" src=\"https:\/\/relax-energie.powernas.ch\/wp-content\/themes\/relax-energie\/assets\/images\/logo.png\" alt=\"Relax und Energie\" width=\"331\" height=\"181\" \/>\n    <h1><span>Mehr vom<\/span><span>Leben<\/span><\/h1>\n  <\/div>\n<\/section>\n\n<section class=\"section section--intro\">\n  <div class=\"hero__copy\">\n    <p class=\"lead\">Therapeutic Touch, Energietraining und Ern\u00e4hrungs-Coaching in Basel.<\/p>\n    <p>Diese alte Methode wurde in den 1970er Jahren von Pflegeprofessorinnen in den USA standardisiert und in die Pflegeausbildung integriert. Heute wird sie als Komplement\u00e4rmethode in den USA, England, Holland und Deutschland in Krankenh\u00e4usern, Arztpraxen sowie Alters- und Pflegeheimen eingesetzt.<\/p>\n    <p>Zahlreiche wissenschaftliche Studien aus Pflege und Medizin belegen die Wirksamkeit, insbesondere f\u00fcr:<\/p>\n    <ul>\n      <li>Entspannung<\/li>\n      <li>Stressabbau<\/li>\n      <li>Vitalit\u00e4tssteigerung<\/li>\n      <li>Abbau von \u00c4ngsten und Unruhe<\/li>\n      <li>Konzentrationsf\u00f6rderung<\/li>\n      <li>Schmerzreduktion<\/li>\n      <li>Wundheilung<\/li>\n      <li>Symptomreduzierung, selbst bei schweren und chronischen Erkrankungen<\/li>\n      <li>Begleitmassnahme bei Krebspatienten w\u00e4hrend und nach Chemotherapie<\/li>\n    <\/ul>\n    <p><a class=\"note-link\" href=\"https:\/\/www.youtube.com\/\" target=\"_blank\" rel=\"noreferrer\">Link: Das Geheimnis der Heilung<\/a><\/p>\n  <\/div>\n<\/section>\n\n<section class=\"section section--tinted section--split\" id=\"angebot\">\n  <div class=\"section-heading\">\n    <p class=\"eyebrow\">Angebot<\/p>\n    <h2>Therapeutic Touch\/<br \/>Energietraining<\/h2>\n  <\/div>\n  <div class=\"service-grid\">\n    <article class=\"service-card long-copy\">\n      <h3>Therapeutic Touch<\/h3>\n      <p>Auf Deutsch \u201eTherapeutisches Ber\u00fchren\u201c ist eine komplement\u00e4rmedizinische Therapieform, die weltweit in Praxen und Kliniken angewendet wird. Ihren Ursprung findet man im energetischen Heilen der Naturv\u00f6lker, in unseren Breitengraden wird es oft mit Handauflegen bezeichnet.<\/p>\n      <h3>Energietraining<\/h3>\n      <p>Ziel des Energietrainings ist es, das eigene Energiepotential mit einfach erlernbaren K\u00f6rper\u00fcbungen dauerhaft zu erh\u00f6hen. Dabei werden energetische Blockierungen gel\u00f6st und die Wahrnehmung f\u00fcr den eigenen K\u00f6rper gesteigert. Dies verbessert das allgemeine Wohlbefinden im Alltag.<\/p>\n      <p>Die Energie\u00fcbungen k\u00f6nnen zu Hause trainiert werden, als effizientes Mittel zur Pr\u00e4vention und Selbstf\u00fcrsorge.<\/p>\n      <h3>Zusammenspiel und Wirkungsweise<\/h3>\n      <p>Therapeutic Touch und Energietraining sind ganzheitliche Methoden. Es wird mit dem gesamten Energiefeld des Menschen gearbeitet. Energiefelder umgeben uns, ver\u00e4ndern sich st\u00e4ndig; wir produzieren Energie, geben sie ab und nehmen neue auf.<\/p>\n      <p>Gesundheit und Energiefeld sind miteinander verbunden. Je mehr Energie wir haben, je ausgeglichener unser Energiefeld ist, desto vitaler und gesunder f\u00fchlen wir uns. Ziel jeder Behandlung ist ein energiereicher und harmonischer Zustand. Wer mehr Energie hat, hat mehr vom Leben.<\/p>\n    <\/article>\n    <article class=\"service-card long-copy\">\n      <h3>Ern\u00e4hrung<\/h3>\n      <p>Als Ern\u00e4hrungs- und Wellness-Coach biete ich Ihnen:<\/p>\n      <ul>\n        <li>Wertvolle und individuelle Wellness-Checks<\/li>\n        <li>Gemeinsames Erarbeiten individueller L\u00f6sungen<\/li>\n        <li>Betreuung, bis Sie ihr pers\u00f6nliches Ziel erreichen<\/li>\n      <\/ul>\n      <p>Es gibt viele Leute, die sagen: &#8222;Ich m\u00f6chte gern gesund leben, aber das macht doch keinen Spass.&#8220; Wellness ist die Kunst, beides unter einen Hut zu bringen: Genussvoll gesund zu leben. Dabei ist es hilfreich, erst einmal mit einem fachlich fundierten Wellness-Check seine pers\u00f6nlichen St\u00e4rken und Schw\u00e4chen festzustellen.<\/p>\n      <p>Danach kann man unter Anleitung und pers\u00f6nlicher Unterst\u00fctzung schrittweise Ver\u00e4nderungen umsetzen, die das eigene Leben in ein besseres Gleichgewicht bringen. Eine gute Ern\u00e4hrung ist lebenswichtig f\u00fcr Ihr Wohlbefinden und steigert Ihre Lebensqualit\u00e4t.<\/p>\n      <p>Der moderne, meist hektische Lebensstil unterst\u00fctzt die gesunde Lebensf\u00fchrung f\u00fcr ein langfristiges Wohlbefinden nicht immer und so bekommen die meisten Menschen nicht mehr das, was die Wissenschaft in Bezug auf Ern\u00e4hrung, Sport und Lebensweise f\u00fcr die Erhaltung der Gesundheit als erforderlich ansieht.<\/p>\n      <p>Mein Ziel ist es, Ihnen erprobte und umsetzbare L\u00f6sungen zu bieten. Weitere Ausf\u00fchrungen und Gutschein zu einem kostenlosen Wellness-Check unter <a class=\"note-link\" href=\"https:\/\/www.kristina.mts-team.info\" target=\"_blank\" rel=\"noreferrer\">www.kristina.mts-team.info<\/a>.<\/p>\n    <\/article>\n  <\/div>\n<\/section>\n\n<section class=\"section\" id=\"ueber-mich\">\n  <div class=\"about\">\n    <div class=\"about__image\">\n      <img loading=\"lazy\" decoding=\"async\" src=\"https:\/\/relax-energie.powernas.ch\/wp-content\/themes\/relax-energie\/assets\/images\/portrait.jpg\" alt=\"Kristina Reutlinger\" width=\"582\" height=\"648\" \/>\n    <\/div>\n    <div class=\"about__copy long-copy\">\n      <p class=\"eyebrow\">\u00dcber mich<\/p>\n      <h2>Kristina Reutlinger<\/h2>\n      <p><strong>Seit 2006 f\u00fchre ich eine eigene Praxis mit dem Ziel Personen auf ihrem pers\u00f6nlichen Weg zu begleiten, sie zu unterst\u00fctzen um ihr inneres Gleichgewicht, vermehrtes Wohlbefinden und Gesundheit zu erlangen \u2013 in Erg\u00e4nzung zur schulmedizinischen Behandlung.<\/strong><\/p>\n      <p><strong>Ich spreche folgende Sprachen: Deutsch, Englisch, Franz\u00f6sisch, Italienisch und Ungarisch.<\/strong><\/p>\n      <p>Meine eigenen Beschwerden und Probleme \u2013 die mit Hilfe der Schulmedizin nur teilweise besserten \u2013 brachten mich schon fr\u00fch mit Yoga, Tai Chi\/Qi Gong und dadurch mit der \u00f6stlichen Energielehre in Kontakt.<\/p>\n      <p>Da die Ausbildung in Therapeutic Touch und Energietraining der ISTTE diese und noch viele andere Methoden vom alten Heilwissen bis zur Quantenphysik beinhaltet, begann ich 2002 Seminare zu belegen und erlangte 2006 das Zertifikat als Therapeutic Touch Practitioner und Energietrainerin ISTTE (Inernational School of Therapeutic Touch and Energy, Haltern am See, DE).<\/p>\n      <p>Im Verlaufe des Jahres 2014 habe ich zus\u00e4tzlich die Ausbildung als Ern\u00e4hrungs-Coach absolviert, welche ich am 29. November 2014 erfolgreich mit einem Zertifikat abgeschlossen habe.<\/p>\n      <div class=\"about__facts\">\n        <p><strong>Weiterbildungen<\/strong> Kurs in Taping, Blackroll-Training, Spiraldynamik, zur Zeit in Ausbildung in der Supraleitung Methode nach Edit Siegfried-Szabo sowie diverse Seminare (online und live) bei Dr. Joe Dispensa.<\/p>\n        <p><strong>Vitae<\/strong> Geboren in Budapest, Ungarn 1953; nach Flucht mit den Eltern seit 1957 wohnhaft in Basel, verheiratet.<\/p>\n        <p><strong>Beruflicher Weg<\/strong> Primarlehrerin, anschliessend berufsbegleitendes Studium am Institut f\u00fcr P\u00e4dagogik und Psychologie mit Abschluss in Heilp\u00e4dagogik.<\/p>\n        <p><strong>Weitere Stationen<\/strong> 1983\/1985 Geburt unserer T\u00f6chter; Kurse in Mutter\/Kind-Turnen und Schwimmen; Ausbildung zur Religionslehrerin; Unterricht w\u00e4hrend 28 Jahren an diversen Grundschulen in Basel und F\u00fcllinsdorf.<\/p>\n        <p><strong>Heute<\/strong> Ausbildung als Therapeutic Touch Practitioner und Energietrainerin, Ausbildung zum Ern\u00e4hrungscoach, Co-Autorin an Edit Siegfried-Szabos Buch \u201eGlobussyndrom behandeln\u201c mit Hilfe der Supraleitung Methode.<\/p>\n      <\/div>\n    <\/div>\n  <\/div>\n<\/section>\n\n<section class=\"section section--dark\" id=\"feedbacks\">\n  <div class=\"section-heading\">\n    <p class=\"eyebrow\">Feedbacks<\/p>\n    <h2>Feedback und Erfahrungsberichte<\/h2>\n    <p>Hier finden Sie Erfahrugsberichte von ehemaligen und aktuellen Klienten und Klientinnen.<\/p>\n  <\/div>\n  <div class=\"quote-stack\">\n    <blockquote class=\"quote-card\">\n      <p>\u201eKeine Begegnung mit Kristina, wahrhaft keine, die mich nicht \u00fcber mich und f\u00fcr mein Seelenwohl weitergebracht hat.\u201c<\/p>\n      <footer>Thommy<\/footer>\n    <\/blockquote>\n    <blockquote class=\"quote-card\">\n      <p>\u201eNach einem Beinbruch hat Kristina mich 6 Wochen lang zweimal w\u00f6chentlich besucht und behandelt. Ihre diskrete N\u00e4he, ihre ruhige Art und ihre einf\u00fchlsame Zuwendung waren sehr wohltuend und haben mich in dieser Zeit mental wie physisch unterst\u00fctzt. Die Heilung verlief komplikationslos und nach 6-w\u00f6chiger Immobilit\u00e4t war ich erstaunlich fit und schnell wieder auf den Beinen. Was ich \u00fcber die Genesung hinaus aus dieser Erfahrung mitgenommen habe: Ich glaube mehr und mehr, dass nicht umsonst in den Heilungsgeschichten der Bibel immer wieder davon die Rede ist, dass Jesus die Menschen ber\u00fchrt oder ihnen die H\u00e4nde aufgelegt hat. Das ist f\u00fcr mich sehr wesentlich und wertvoll.\u201c<\/p>\n      <footer>Dorothee<\/footer>\n    <\/blockquote>\n    <blockquote class=\"quote-card\">\n      <p>\u201eWas mich an Kristinas Behandlungen besonders beeindruckt, sind ihre Sorgfalt und das Spektrum ihrer M\u00f6glichkeiten. Ich nahm Kristina erstmals nach einer Schulteroperation in Anspruch, um den Heilungsprozess zu verbessern. Dieser verlief sehr gut, und so kam ich &#8211; teils in unregelm\u00e4ssigen Abst\u00e4nden &#8211; immer wieder zur Behandlung, um f\u00fcr den K\u00f6rper bei kleineren oder gr\u00f6sseren Beschwerden Unterst\u00fctzung zu holen und Energie zu tanken. Dies wirkte sich nat\u00fcrlich jedes Mal auch auf die Stimmung und auf meine geistige Verfassung aus.<\/p>\n      <p>Die Therapiesitzungen beginnen jeweils mit einem Gespr\u00e4ch, in dem man das Ziel der Behandlung zusammen festlegt. Kristina ist eine sehr gute und analytische Zuh\u00f6rerin und oftmals findet man erst dann den eigentlichen \u201ewunden Punkt\u201c bzw. die Stelle am K\u00f6rper, die es am n\u00f6tigsten hat. W\u00e4hrend der K\u00f6rpertherapie f\u00fchlt man sich immer besser, die Beschwerden verschwinden oder lassen nach (je nach Ausgangslage) und es findet sich am Ende ein v\u00f6lliges Wohlgef\u00fchl ein.<\/p>\n      <p>Mit einem Versuch k\u00f6nnen Sie nur gewinnen!\u201c<\/p>\n      <footer>Fred<\/footer>\n    <\/blockquote>\n    <blockquote class=\"quote-card\">\n      <p>\u201eIch darf mich fallen lassen in warme H\u00e4nde, die mich tragen, Halt geben, begleiten und unterst\u00fctzen, da wo ich gerade stehe im Leben, in meinem pers\u00f6nlichen Prozess!<\/p>\n      <p>Ich bin unendlich dankbar f\u00fcr dein Wesen, liebe Kristina.<\/p>\n      <p>Was ich immer mit Kristina in Verbindung bringe: das Wesentliche ist f\u00fcr die Augen unsichtbar, du siehst nur mit dem Herzen gut!<\/p>\n      <p>Alles ist gut so wie es ist. Danke, liebe Kristina! Seit 5 Jahren begleitest du mich, sehr bewegende, traurige und st\u00fcrmische Zeiten, danke f\u00fcr deine Liebe, deine authentische und direkte, ehrliche und aufrichtige, liebevolle und einzigartige Begleitung! Du hast mir Boden gegeben, mich gest\u00e4rkt und mich beim Erleben meiner Wahrheit begleitet und unterst\u00fctzt.\u201c<\/p>\n      <footer>Rahel<\/footer>\n    <\/blockquote>\n  <\/div>\n<\/section>\n\n<section class=\"section\" id=\"praxis\">\n  <div class=\"section-heading\">\n    <p class=\"eyebrow\">Praxis<\/p>\n    <h2>Praxis<\/h2>\n  <\/div>\n  <div class=\"info-grid\">\n    <div class=\"info-card long-copy\">\n      <h3>Behandlung<\/h3>\n      <p>Vor der Behandlung erfolgt ein Gespr\u00e4ch, in dem die Bed\u00fcrfnisse und W\u00fcnsche der Klientin, des Klienten gekl\u00e4rt werden. Die Therapie erfolgt in bekleidetem Zustand. Im Anschluss daran bleibt die Person noch einige Minuten im Entspannungszustand liegen.<\/p>\n      <ul>\n        <li>Dauer ca. 60 Minuten (bei Bedarf auch l\u00e4nger)<\/li>\n        <li>Kosten f\u00fcr eine Stunde Fr. 100.\u2013; kann nicht \u00fcber die Krankenkasse abgerechnet werden<\/li>\n        <li>Hausbesuche nach Absprache m\u00f6glich<\/li>\n      <\/ul>\n    <\/div>\n  <\/div>\n  <div class=\"info-card long-copy\">\n    <h3>Praxisbilder<\/h3>\n    <p>Die Originalseite zeigt mehrere Bilder aus Praxis und Behandlung. Sie sind hier lokal eingebunden und per Klick vergr\u00f6sserbar.<\/p>\n  <\/div>\n  <div class=\"gallery-grid\">\n    <figure><button type=\"button\" class=\"gallery-trigger\" data-image=\"https:\/\/relax-energie.powernas.ch\/wp-content\/themes\/relax-energie\/assets\/images\/practice-1.jpg\" data-caption=\"Besprechungszone\"><img loading=\"lazy\" decoding=\"async\" src=\"https:\/\/relax-energie.powernas.ch\/wp-content\/themes\/relax-energie\/assets\/images\/practice-1.jpg\" alt=\"Besprechungszone\" width=\"1600\" height=\"1067\" \/><\/button><figcaption>Besprechungszone<\/figcaption><\/figure>\n    <figure><button type=\"button\" class=\"gallery-trigger\" data-image=\"https:\/\/relax-energie.powernas.ch\/wp-content\/themes\/relax-energie\/assets\/images\/practice-2.jpg\" data-caption=\"Behandlungsraum\"><img loading=\"lazy\" decoding=\"async\" src=\"https:\/\/relax-energie.powernas.ch\/wp-content\/themes\/relax-energie\/assets\/images\/practice-2.jpg\" alt=\"Behandlungsraum\" width=\"1600\" height=\"1067\" \/><\/button><figcaption>Behandlungsraum<\/figcaption><\/figure>\n    <figure><button type=\"button\" class=\"gallery-trigger\" data-image=\"https:\/\/relax-energie.powernas.ch\/wp-content\/themes\/relax-energie\/assets\/images\/practice-3.jpg\" data-caption=\"Behandlung\"><img loading=\"lazy\" decoding=\"async\" src=\"https:\/\/relax-energie.powernas.ch\/wp-content\/themes\/relax-energie\/assets\/images\/practice-3.jpg\" alt=\"Behandlung\" width=\"1600\" height=\"1067\" \/><\/button><figcaption>Behandlung<\/figcaption><\/figure>\n  <\/div>\n<\/section>\n\n<section class=\"section section--accent\" id=\"kontakt\">\n  <div class=\"contact\">\n    <div class=\"contact__copy\">\n      <p class=\"eyebrow\">Wegbeschreibung<\/p>\n      <h2>Kontakt<\/h2>\n      <p>Kristina Reutlinger<br \/>Auberg 10<br \/>CH-4051 Basel<\/p>\n      <div class=\"contact__actions\">\n        <a class=\"button\" href=\"tel:+41613121447\">+41 61 312 14 47<\/a>\n        <a class=\"button button--ghost\" href=\"mailto:kristina@reutlingermail.ch\">kristina@reutlingermail.ch<\/a>\n      <\/div>\n    <\/div>\n    <div class=\"contact-card\">\n      <h3>Kontakt<\/h3>\n      <p><strong>\u00d6ffentliche Verkehrsmittel<\/strong><br \/>Tram Nr. 6: Haltestelle Holbeinstrasse<br \/>Bus Nr. 30: Haltestelle Steinenschanze<\/p>\n      <p><strong>Mit dem Auto<\/strong><br \/>Parkplatzangebot sehr beschr\u00e4nkt; am besten Parkgarage Steinenparking aufsuchen, von Ausgang an Steinenschanze 150 m zu Fuss an Auberg 10.<\/p>\n    <\/div>\n    <div class=\"contact__map\">\n      <iframe title=\"Google Map Auberg 10 Basel\" src=\"https:\/\/www.google.com\/maps?q=Auberg%2010%2C%204051%20Basel&#038;z=17&#038;output=embed\" loading=\"lazy\" referrerpolicy=\"no-referrer-when-downgrade\" allowfullscreen><\/iframe>\n      <a class=\"contact__map-link\" href=\"https:\/\/www.google.com\/maps\/search\/?api=1&#038;query=Auberg+10%2C+4051+Basel\" target=\"_blank\" rel=\"noreferrer\">Route in Google Maps \u00f6ffnen<\/a>\n    <\/div>\n  <\/div>\n<\/section>\n\n<section class=\"section legal-section\" id=\"datenschutz\">\n  <div class=\"section-heading\">\n    <p class=\"eyebrow\">Datenschutz &#038; Cookies<\/p>\n    <h2>Datenschutz, Haftung und Urheberrechte<\/h2>\n  <\/div>\n  <div class=\"text-columns\">\n    <div class=\"info-card long-copy\">\n      <h3>Haftungsausschluss<\/h3>\n      <p>Der Autor \u00fcbernimmt keinerlei Gew\u00e4hr hinsichtlich der inhaltlichen Richtigkeit, Genauigkeit, Aktualit\u00e4t, Zuverl\u00e4ssigkeit und Vollst\u00e4ndigkeit der Informationen.<\/p>\n      <p>Haftungsanspr\u00fcche gegen den Autor wegen Sch\u00e4den materieller oder immaterieller Art, welche aus dem Zugriff oder der Nutzung bzw. Nichtnutzung der ver\u00f6ffentlichten Informationen, durch Missbrauch der Verbindung oder durch technische St\u00f6rungen entstanden sind, werden ausgeschlossen.<\/p>\n      <p>Alle Angebote sind unverbindlich. Der Autor beh\u00e4lt es sich ausdr\u00fccklich vor, Teile der Seiten oder das gesamte Angebot ohne gesonderte Ank\u00fcndigung zu ver\u00e4ndern, zu erg\u00e4nzen, zu l\u00f6schen oder die Ver\u00f6ffentlichung zeitweise oder endg\u00fcltig einzustellen.<\/p>\n      <p><strong>Haftung f\u00fcr Links<\/strong><br \/>Verweise und Links auf Webseiten Dritter liegen ausserhalb unseres Verantwortungsbereichs. Es wird jegliche Verantwortung f\u00fcr solche Webseiten abgelehnt. Der Zugriff und die Nutzung solcher Webseiten erfolgen auf eigene Gefahr des Nutzers oder der Nutzerin.<\/p>\n    <\/div>\n    <div class=\"info-card long-copy\">\n      <h3>Urheberrechte und Datenschutz<\/h3>\n      <p>Die Urheber- und alle anderen Rechte an Inhalten, Bildern, Fotos oder anderen Dateien auf der Website geh\u00f6ren ausschliesslich der Firma Praxis Relax und Energie \/ Repudina GmbH oder den speziell genannten Rechtsinhabern. F\u00fcr die Reproduktion jeglicher Elemente ist die schriftliche Zustimmung der Urheberrechtstr\u00e4ger im Voraus einzuholen.<\/p>\n      <p>Gest\u00fctzt auf Artikel 13 der schweizerischen Bundesverfassung und die datenschutzrechtlichen Bestimmungen des Bundes (Datenschutzgesetz, DSG) hat jede Person Anspruch auf Schutz ihrer Privatsph\u00e4re sowie auf Schutz vor Missbrauch ihrer pers\u00f6nlichen Daten. Wir halten diese Bestimmungen ein. Pers\u00f6nliche Daten werden streng vertraulich behandelt und weder an Dritte verkauft noch weiter gegeben.<\/p>\n      <p>In enger Zusammenarbeit mit unseren Hosting-Providern bem\u00fchen wir uns, die Datenbanken so gut wie m\u00f6glich vor fremden Zugriffen, Verlusten, Missbrauch oder vor F\u00e4lschung zu sch\u00fctzen.<\/p>\n      <p>Beim Zugriff auf unsere Webseiten werden folgende Daten in Logfiles gespeichert: IP-Adresse, Datum, Uhrzeit, Browser-Anfrage und allgemeine \u00fcbertragene Informationen zum Betriebssystem resp. Browser. Diese Nutzungsdaten bilden die Basis f\u00fcr statistische, anonyme Auswertungen, so dass Trends erkennbar sind, anhand derer wir unsere Angebote entsprechend verbessern k\u00f6nnen.<\/p>\n    <\/div>\n  <\/div>\n<\/section>\n\n<section class=\"closing-image\">\n  <img loading=\"lazy\" decoding=\"async\" src=\"https:\/\/relax-energie.powernas.ch\/wp-content\/themes\/relax-energie\/assets\/images\/practice-3.jpg\" alt=\"Landschaftlicher Praxisabschluss\" width=\"1600\" height=\"1067\" \/>\n<\/section>\n","protected":false},"excerpt":{"rendered":"","protected":false},"author":1,"featured_media":0,"parent":0,"menu_order":0,"comment_status":"closed","ping_status":"closed","template":"templates\/landing-page.php","meta":{"footnotes":""},"class_list":["post-11","page","type-page","status-publish","hentry"],"_links":{"self":[{"href":"https:\/\/relax-energie.powernas.ch\/index.php\/wp-json\/wp\/v2\/pages\/11","targetHints":{"allow":["GET"]}}],"collection":[{"href":"https:\/\/relax-energie.powernas.ch\/index.php\/wp-json\/wp\/v2\/pages"}],"about":[{"href":"https:\/\/relax-energie.powernas.ch\/index.php\/wp-json\/wp\/v2\/types\/page"}],"author":[{"embeddable":true,"href":"https:\/\/relax-energie.powernas.ch\/index.php\/wp-json\/wp\/v2\/users\/1"}],"replies":[{"embeddable":true,"href":"https:\/\/relax-energie.powernas.ch\/index.php\/wp-json\/wp\/v2\/comments?post=11"}],"version-history":[{"count":12,"href":"https:\/\/relax-energie.powernas.ch\/index.php\/wp-json\/wp\/v2\/pages\/11\/revisions"}],"predecessor-version":[{"id":166,"href":"https:\/\/relax-energie.powernas.ch\/index.php\/wp-json\/wp\/v2\/pages\/11\/revisions\/166"}],"wp:attachment":[{"href":"https:\/\/relax-energie.powernas.ch\/index.php\/wp-json\/wp\/v2\/media?parent=11"}],"curies":[{"name":"wp","href":"https:\/\/api.w.org\/{rel}","templated":true}]}}